{"id":25,"date":"2025-04-14T15:27:18","date_gmt":"2025-04-14T13:27:18","guid":{"rendered":"https:\/\/mch-frankweiler.de\/?page_id=25"},"modified":"2025-07-06T12:36:53","modified_gmt":"2025-07-06T10:36:53","slug":"vereinsgeschichte","status":"publish","type":"page","link":"http:\/\/mch-frankweiler.de\/?page_id=25","title":{"rendered":"Vereinsgeschichte"},"content":{"rendered":"\n<h2 class=\"wp-block-heading\">Die Anf\u00e4nge<\/h2>\n\n\n\n<details class=\"wp-block-details is-layout-flow wp-block-details-is-layout-flow\"><summary>Zwischen 1845 und 1849 wurden viele S\u00e4ngervereine in Deutschland gegr\u00fcndet, in Frankweiler war das aber nicht ganz einfach.  mehr &#8230; <\/summary>\n<p>In der Zeit zwischen 1845 und 1849 gr\u00fcndeten sich in ganz Deutschland die meisten heute noch bestehenden \u201eS\u00e4ngervereine so auch in Frankweiler.<\/p>\n\n\n\n<p>Die treibende Kraft in Frankweiler d\u00fcrfte nach heutigem Kenntnisstand der damalige Lehrer Heinrich Nebinger gewesen sein, der f\u00fcr zwei Jahre in Frankweiler als Lehrer t\u00e4tig war (1848 &#8211; 1850.) Wie einem Schreiben des k\u00f6niglich bayrischen Landkommissariats vom 30.11. 1848 zu entnehmen ist, wollte man in Frankweiler einen S\u00e4ngerverein gr\u00fcnden. Dies wurde im selben Schreiben neben einigen Auflagen auch genehmigt. Dem kleinen Kreis derer, die einen solchen Verein gr\u00fcnden wollten, gelang es, 46 namentlich bekannte M\u00e4nner als aktive S\u00e4nger und 11 ebenfalls namentlich bekannte M\u00e4nner als passive Mitglieder zu gewinnen. Zum Direktor w\u00e4hlte man Heinrich Nebinger, der vermutlich auch als Dirigent fungieren sollte, weil die Lehrer in der Regel eine musikalische Ausbildung hatten.<\/p>\n\n\n\n<p>Doch der Chor kam anscheinend wegen der Revolutionswirren nicht weit \u00fcber seine Gr\u00fcndungsversammlung hinaus. Die 48er Revolution zog ja nach ihrer Niederschlagung Versammlungsverbote nach sich. Das galt auch f\u00fcr S\u00e4ngervereine wie den in Frankweiler.<\/p>\n\n\n\n<p>F\u00fcr Frankweiler kam hinzu, dass w\u00e4hrend der pf\u00e4lzischen Revolution die pf\u00e4lzische Revolutionsregierung und der Generalstab seines Heeres f\u00fcr ca. vierzehn Tage in Frankweiler residierten. Ein politisches Ereignis, das f\u00fcr Frankweiler nach Niederschlagung der Revolution sicherlich nicht von Vorteil war.<\/p>\n\n\n\n<p>Im Jahr 1856 gab es dann einen erneuten Anlauf, einen S\u00e4ngerverein zu gr\u00fcnden. Diesmal mit dem Ziel, dass der Chor die S\u00e4ngerzahl von 28 S\u00e4ngern nicht \u00fcbersteigen sollte. Die Unterschriften derer, die diese Satzung unterschrieben haben, sind die gleichen wie die unter der von 1848. Doch auch dieser Gr\u00fcndungsversuch kam anscheinend nicht \u00fcber seine Anf\u00e4nge hinaus.<\/p>\n<\/details>\n\n\n\n<div style=\"height:100px\" aria-hidden=\"true\" class=\"wp-block-spacer\"><\/div>\n\n\n\n<h2 class=\"wp-block-heading\">Die Vereinsgr\u00fcndung<\/h2>\n\n\n\n<details class=\"wp-block-details is-layout-flow wp-block-details-is-layout-flow\"><summary>Der M\u00e4nnerchor 1864 Frankweiler wurde nach Genehmigung durch das k\u00f6niglich bayrische Landeskommissariat im Januar 1864 gegr\u00fcndet. Das erste Konzert fand im April 1867 statt, und seitdem wurden die Konzerte oft im April abgehalten. mehr&#8230;  <\/summary>\n<p>Im Jahr 1864 war dem chorischen Singen in Frankweiler endlich Erfolg beschieden. Es war den Initiatoren anscheinend gelungen, die vielen Meinungen, die eine solche Neugr\u00fcndung mit sich bringt, mit viel \u00dcberzeugungskraft zur\u00fcckzudr\u00e4ngen, um eine Gr\u00fcndung zu erm\u00f6glichen. Die Initiatoren selbst hatten am 23.12.1863 dem k\u00f6niglich bayrischen Landeskommissariat in Landau eine Satzung des zu gr\u00fcndenden \u201eSingvereins&#8220; zur Genehmigung vorgelegt.<\/p>\n\n\n\n<div class=\"wp-block-columns is-layout-flex wp-container-core-columns-is-layout-28f84493 wp-block-columns-is-layout-flex\">\n<div class=\"wp-block-column is-layout-flow wp-block-column-is-layout-flow\">\n<p>Am 25.01.1864 mit dem Aktenzeichen Nr. 5328 A kam die Genehmigung zur Gr\u00fcndung eines \u201eSingvereins&#8220; in Frankweiler. Das erw\u00e4hnte Schreiben des k. b. Landeskommissariats ist der derzeit einzige g\u00fcltige Nachweis, der die Gr\u00fcndung des M\u00e4nnerchors 1864 Frankweiler im Jahr 1864 best\u00e4tigt. Das wurde auch vom Amtsgericht Landau bei der Eintragung zum e.V. so genehmigt.<\/p>\n<\/div>\n\n\n\n<div class=\"wp-block-column is-layout-flow wp-block-column-is-layout-flow\"><div class=\"wp-block-image\">\n<figure class=\"aligncenter size-full is-resized\"><img loading=\"lazy\" decoding=\"async\" width=\"300\" height=\"444\" src=\"http:\/\/mch-frankweiler.de\/wp-content\/uploads\/2025\/04\/Gruendungsurkunde-kl.jpg\" alt=\"\" class=\"wp-image-175\" style=\"width:183px;height:auto\" srcset=\"http:\/\/mch-frankweiler.de\/wp-content\/uploads\/2025\/04\/Gruendungsurkunde-kl.jpg 300w, http:\/\/mch-frankweiler.de\/wp-content\/uploads\/2025\/04\/Gruendungsurkunde-kl-203x300.jpg 203w\" sizes=\"auto, (max-width: 300px) 100vw, 300px\" \/><\/figure>\n<\/div><\/div>\n<\/div>\n\n\n\n<p>Das erste Konzert des M\u00e4nnerchors 1864 fand laut Landauer Eilboten im April 1867 statt. Der Monat April war anscheinend der Konzertmonat des Chores. Laut der beiden Protokollb\u00fccher fanden die Konzerte des Vereins vom Jahr 1905 an bis Anfang des 21 Jahrhunderts fast immer im Monat April statt. Leider gibt es nach derzeitigem Kenntnisstand f\u00fcr die Zeit von 1864 &#8211; 1904 keine wie auch immer gearteten Niederschriften des Vereins. Die Konzerte fanden bis zu Beginn des 1. Weltkrieges unter der Mitwirkung einer Abteilung der Kapelle des k. b. 18. und 23. Infanterieregiments, die in Landau stationiert war, statt.<\/p>\n<\/details>\n\n\n\n<div style=\"height:100px\" aria-hidden=\"true\" class=\"wp-block-spacer\"><\/div>\n\n\n\n<h2 class=\"wp-block-heading\">Zeit nach dem 1. Weltkrieg<\/h2>\n\n\n\n<details class=\"wp-block-details is-layout-flow wp-block-details-is-layout-flow\"><summary>Nach dem Ersten Weltkrieg nahm der M\u00e4nnerchor 1864 Frankweiler im November 1919 seine Singt\u00e4tigkeit wieder auf, mit 70 S\u00e4ngern. Wegen der gro\u00dfen Anzahl wurden die Proben aufgeteilt und in den Saal des Gasthauses \u201eZum Lamm&#8220; verlegt. 1921 nahm der Chor an einer Gedenkfeier f\u00fcr gefallene Mitglieder teil. Das 50-j\u00e4hrige Jubil\u00e4um wurde wegen der Nachwirkungen des Krieges auf 1925 verschoben. mehr&#8230;<\/summary>\n<p>Nach dem I. Weltkrieg begann der M\u00e4nnerchor im November 1919 wieder seine Singt\u00e4tigkeit mit  unvorstellbaren 70 aktiven S\u00e4ngern, die sich in den Folgejahren der Zahl 100 n\u00e4herte, so dass ein Eintrittsstopp verh\u00e4ngt werden musste. Die gro\u00dfe Anzahl von S\u00e4ngern hatte zur Folge, dass die \u00dcbungsstunden vom Schulsaal in den Saal des Gasthauses \u201eZum Lamm&#8220; verlegt werden mussten. Weil aber eine so gro\u00dfe Anzahl von Menschen in einem Raum sehr viel Unruhe mit sich bringt, entschieden sich Vereinsf\u00fchrung und Chorleiter beim Ein\u00fcben von neuen Liedern f\u00fcr eine Aufteilung der Chorprobe. Das hei\u00dft, zuerst \u00fcbten die B\u00e4sse und dann die Ten\u00f6re, aber auch umgekehrt bis die einzelnen Stimmlagen f\u00e4hig waren, die Lieder als Gesamtchor erklingen zu lassen.<\/p>\n\n\n\n<div class=\"wp-block-columns is-layout-flex wp-container-core-columns-is-layout-28f84493 wp-block-columns-is-layout-flex\">\n<div class=\"wp-block-column is-layout-flow wp-block-column-is-layout-flow\">\n<p>Am 20. November 1921 veranstaltete der M\u00e4nnergesangverein \u201eFr\u00f6hlich Pfalz&#8220; Landau in der Festhalle zu Landau eine Gedenkfeier f\u00fcr seine im l. Weltkrieg gefallenen Mitglieder. Mitwirkende waren die M\u00e4nnergesangvereine des III. Gaues des Pf\u00e4lzer S\u00e4ngerbundes, dem auch der M\u00e4nnerchor 1864 Frankweiler angeh\u00f6rte. Neben einem Gesamtchor des Gaues sang der&nbsp; M\u00e4nnerchor 1864 bei seinem Soloauftritt das Altdeutsche Grablied&nbsp; von Friedrich Silcher.<\/p>\n<\/div>\n\n\n\n<div class=\"wp-block-column is-layout-flow wp-block-column-is-layout-flow\">\n<figure class=\"wp-block-image size-large\"><img loading=\"lazy\" decoding=\"async\" width=\"1024\" height=\"671\" src=\"https:\/\/mch-frankweiler.de\/wp-content\/uploads\/2025\/04\/Totenehrung-75j-Bestehen-kl-1024x671.jpg\" alt=\"\" class=\"wp-image-187\" srcset=\"http:\/\/mch-frankweiler.de\/wp-content\/uploads\/2025\/04\/Totenehrung-75j-Bestehen-kl-1024x671.jpg 1024w, http:\/\/mch-frankweiler.de\/wp-content\/uploads\/2025\/04\/Totenehrung-75j-Bestehen-kl-300x197.jpg 300w, http:\/\/mch-frankweiler.de\/wp-content\/uploads\/2025\/04\/Totenehrung-75j-Bestehen-kl-768x503.jpg 768w, http:\/\/mch-frankweiler.de\/wp-content\/uploads\/2025\/04\/Totenehrung-75j-Bestehen-kl-1140x747.jpg 1140w, http:\/\/mch-frankweiler.de\/wp-content\/uploads\/2025\/04\/Totenehrung-75j-Bestehen-kl.jpg 1200w\" sizes=\"auto, (max-width: 1024px) 100vw, 1024px\" \/><\/figure>\n<\/div>\n<\/div>\n\n\n\n<p>Weil der Chor sein 50j\u00e4hriges Bestehen wegen des I. Weltkrieges nicht feiern konnte, entschloss sich die Vereinsf\u00fchrung im Jahr 1924 sein 60j\u00e4hriges Bestehen zu feiern. Doch die gerade zu Ende gegangene Separatistenzeit mit ihren Nachwirkungen machte dem Chor erneut einen Strich durch dieses Vorhaben und die Vereinsf\u00fchrung sah sich gezwungen, das Jubil\u00e4um in das Jahr 1925 zu verlegen.<\/p>\n<\/details>\n\n\n\n<h2 class=\"wp-block-heading\">Wachstum und Entwicklung<\/h2>\n\n\n\n<details class=\"wp-block-details is-layout-flow wp-block-details-is-layout-flow\"><summary><\/summary>\n<p><\/p>\n<\/details>\n\n\n\n<p>Im Laufe der Jahre wuchs der M\u00e4nnerchor 1864 Frankweiler e.V. stetig. Neue Mitglieder traten bei, und das Repertoire des Chores erweiterte sich. Es wurden nicht nur traditionelle deutsche Volkslieder gesungen, sondern auch klassische Werke und moderne Kompositionen. Die regelm\u00e4\u00dfigen Konzerte und Auftritte des Chores wurden zu einem festen Bestandteil des Dorflebens.<\/p>\n\n\n\n<h2 class=\"wp-block-heading\">Herausforderungen und Wiederaufbau<\/h2>\n\n\n\n<p>Wie viele andere Vereine dieser Art, stand auch der M\u00e4nnerchor 1864 Frankweiler e.V. vor Herausforderungen. Die beiden Weltkriege brachten das Vereinsleben nahezu zum Erliegen, und viele Mitglieder kehrten nicht zur\u00fcck. Doch das unerm\u00fcdliche Engagement der verbleibenden S\u00e4nger und die Unterst\u00fctzung der Dorfgemeinschaft erm\u00f6glichten es, den Chor nach jedem R\u00fcckschlag wieder aufzubauen.<\/p>\n\n\n\n<h2 class=\"wp-block-heading\">Die Nachkriegszeit und der Aufschwung<\/h2>\n\n\n\n<p>Nach dem Zweiten Weltkrieg erlebte der M\u00e4nnerchor 1864 Frankweiler e.V. eine neue Bl\u00fctezeit. Mit frischem Elan und neuen Mitgliedern wurde der Chor wiederbelebt. Die Nachkriegszeit war gepr\u00e4gt von einem starken Gemeinschaftsgef\u00fchl, und der Chor spielte eine wichtige Rolle bei der kulturellen Wiederbelebung des Dorfes. Es wurden zahlreiche Konzerte und Veranstaltungen organisiert, die den Ruf des Chores weit \u00fcber die Grenzen Frankweilers hinaus trugen.<\/p>\n\n\n\n<h2 class=\"wp-block-heading\">Moderne Zeiten und neue Herausforderungen<\/h2>\n\n\n\n<p>In den letzten Jahrzehnten hat sich der M\u00e4nnerchor 1864 Frankweiler e.V. den modernen Zeiten angepasst. Die Mitgliederzahl schwankt, und der Chor steht vor der Herausforderung, junge Menschen f\u00fcr die Tradition des M\u00e4nnergesangs zu begeistern. Durch innovative Projekte und Kooperationen mit anderen Ch\u00f6ren und Musikgruppen gelingt es jedoch immer wieder, neue S\u00e4nger zu gewinnen und das Repertoire zu erweitern.<\/p>\n\n\n\n<h2 class=\"wp-block-heading\">Der M\u00e4nnerchor heute<\/h2>\n\n\n\n<p>Heute ist der M\u00e4nnerchor 1864 Frankweiler e.V. ein lebendiger und aktiver Verein, der die Tradition des Chorgesangs in Frankweiler aufrechterh\u00e4lt und gleichzeitig offen f\u00fcr neue musikalische Einfl\u00fcsse ist. Unter der Leitung des aktuellen Dirigenten begeistert der Chor bei Konzerten, Festen und anderen Veranstaltungen das Publikum und tr\u00e4gt zur kulturellen Vielfalt der Region bei.<\/p>\n\n\n\n<h2 class=\"wp-block-heading\">Fazit<\/h2>\n\n\n\n<p>Die Geschichte des M\u00e4nnerchors 1864 Frankweiler e.V. ist ein beeindruckendes Beispiel f\u00fcr die Kraft der Musik und die Bedeutung von Gemeinschaft. Seit \u00fcber 150 Jahren pr\u00e4gt der Chor das kulturelle Leben in Frankweiler und hat sich immer wieder den Herausforderungen der Zeit gestellt. Mit Leidenschaft und Engagement werden die S\u00e4nger auch in Zukunft die Tradition des M\u00e4nnergesangs weiterf\u00fchren und die Zuh\u00f6rer mit ihrer Musik verzaubern<\/p>\n\n\n\n<div class=\"wp-block-columns is-layout-flex wp-container-core-columns-is-layout-28f84493 wp-block-columns-is-layout-flex\">\n<div class=\"wp-block-column is-layout-flow wp-block-column-is-layout-flow\">\n<p>Die Geschichte des M\u00e4nnerchors 1864 Frankweiler e.V. ist ein beeindruckendes Beispiel f\u00fcr die Kraft der Musik und die Bedeutung von Gemeinschaft. Seit \u00fcber 150 Jahren pr\u00e4gt der Chor das kulturelle Leben in Frankweiler und hat sich immer wieder den Herausforderungen der Zeit gestellt. Mit Leidenschaft und Engagement werden die S\u00e4nger auch in Zukunft die Tradition des M\u00e4nnergesangs weiterf\u00fchren und die Zuh\u00f6rer mit ihrer Musik verzaubern<\/p>\n<\/div>\n\n\n\n<div class=\"wp-block-column is-layout-flow wp-block-column-is-layout-flow\">\n<figure class=\"wp-block-image size-large\"><img loading=\"lazy\" decoding=\"async\" width=\"1024\" height=\"605\" src=\"http:\/\/mch-frankweiler.de\/wp-content\/uploads\/2025\/04\/maennerchor-Frankweiler_MCH_Probe.5D.62-1-1024x605.jpg\" alt=\"\" class=\"wp-image-117\" srcset=\"http:\/\/mch-frankweiler.de\/wp-content\/uploads\/2025\/04\/maennerchor-Frankweiler_MCH_Probe.5D.62-1-1024x605.jpg 1024w, http:\/\/mch-frankweiler.de\/wp-content\/uploads\/2025\/04\/maennerchor-Frankweiler_MCH_Probe.5D.62-1-300x177.jpg 300w, http:\/\/mch-frankweiler.de\/wp-content\/uploads\/2025\/04\/maennerchor-Frankweiler_MCH_Probe.5D.62-1-768x454.jpg 768w, http:\/\/mch-frankweiler.de\/wp-content\/uploads\/2025\/04\/maennerchor-Frankweiler_MCH_Probe.5D.62-1.jpg 1029w\" sizes=\"auto, (max-width: 1024px) 100vw, 1024px\" \/><\/figure>\n<\/div>\n<\/div>\n\n\n\n\n\n<p><\/p>\n","protected":false},"excerpt":{"rendered":"<p>Die Anf\u00e4nge Die Vereinsgr\u00fcndung Zeit nach dem 1. Weltkrieg Wachstum und Entwicklung Im Laufe der Jahre wuchs der M\u00e4nnerchor 1864 Frankweiler e.V. stetig. Neue Mitglieder traten bei, und das Repertoire des Chores erweiterte sich. Es wurden nicht nur traditionelle deutsche Volkslieder gesungen, sondern auch klassische Werke und moderne Kompositionen. Die regelm\u00e4\u00dfigen Konzerte und Auftritte des Chores wurden zu einem festen Bestandteil des Dorflebens. Herausforderungen und Wiederaufbau Wie viele andere Vereine dieser Art, stand auch der M\u00e4nnerchor 1864 Frankweiler e.V. vor Herausforderungen. Die beiden Weltkriege brachten das Vereinsleben nahezu zum Erliegen, und viele Mitglieder kehrten nicht zur\u00fcck. Doch das unerm\u00fcdliche Engagement der verbleibenden S\u00e4nger und die Unterst\u00fctzung der Dorfgemeinschaft erm\u00f6glichten es, den Chor nach jedem R\u00fcckschlag wieder aufzubauen. Die Nachkriegszeit und der Aufschwung Nach dem Zweiten Weltkrieg erlebte der M\u00e4nnerchor 1864 Frankweiler e.V. eine neue Bl\u00fctezeit. Mit frischem Elan und neuen Mitgliedern wurde der Chor wiederbelebt. Die Nachkriegszeit war gepr\u00e4gt von einem starken Gemeinschaftsgef\u00fchl, und der Chor spielte eine wichtige Rolle bei der kulturellen Wiederbelebung des Dorfes. Es wurden zahlreiche Konzerte und Veranstaltungen organisiert, die den Ruf des Chores weit \u00fcber die Grenzen Frankweilers hinaus trugen. Moderne Zeiten und neue Herausforderungen In den letzten Jahrzehnten hat sich der M\u00e4nnerchor 1864 Frankweiler e.V. den modernen Zeiten angepasst. Die Mitgliederzahl schwankt, und der Chor steht vor der Herausforderung, junge Menschen f\u00fcr die Tradition des M\u00e4nnergesangs zu begeistern. Durch innovative Projekte und Kooperationen mit anderen Ch\u00f6ren und Musikgruppen gelingt es jedoch immer wieder, neue S\u00e4nger zu gewinnen und das Repertoire zu erweitern. Der M\u00e4nnerchor heute Heute ist der M\u00e4nnerchor 1864 Frankweiler e.V. ein lebendiger und aktiver Verein, der die Tradition des Chorgesangs in Frankweiler aufrechterh\u00e4lt und gleichzeitig offen f\u00fcr neue musikalische Einfl\u00fcsse ist. Unter der Leitung des aktuellen Dirigenten begeistert der Chor bei Konzerten, Festen und anderen Veranstaltungen das Publikum und tr\u00e4gt zur kulturellen Vielfalt der Region bei. Fazit Die Geschichte des M\u00e4nnerchors 1864 Frankweiler e.V. ist ein beeindruckendes Beispiel f\u00fcr die Kraft der Musik und die Bedeutung von Gemeinschaft. Seit \u00fcber 150 Jahren pr\u00e4gt der Chor das kulturelle Leben in Frankweiler und hat sich immer wieder den Herausforderungen der Zeit gestellt. Mit Leidenschaft und Engagement werden die S\u00e4nger auch in Zukunft die Tradition des M\u00e4nnergesangs weiterf\u00fchren und die Zuh\u00f6rer mit ihrer Musik verzaubern Die Geschichte des M\u00e4nnerchors 1864 Frankweiler e.V. ist ein beeindruckendes Beispiel f\u00fcr die Kraft der Musik und die Bedeutung von Gemeinschaft. Seit \u00fcber 150 Jahren pr\u00e4gt der Chor das kulturelle Leben in Frankweiler und hat sich immer wieder den Herausforderungen der Zeit gestellt. Mit Leidenschaft und Engagement werden die S\u00e4nger auch in Zukunft die Tradition des M\u00e4nnergesangs weiterf\u00fchren und die Zuh\u00f6rer mit ihrer Musik verzaubern<\/p>\n","protected":false},"author":1,"featured_media":0,"parent":0,"menu_order":0,"comment_status":"closed","ping_status":"closed","template":"","meta":{"footnotes":"[]"},"class_list":["post-25","page","type-page","status-publish","hentry"],"_links":{"self":[{"href":"http:\/\/mch-frankweiler.de\/index.php?rest_route=\/wp\/v2\/pages\/25","targetHints":{"allow":["GET"]}}],"collection":[{"href":"http:\/\/mch-frankweiler.de\/index.php?rest_route=\/wp\/v2\/pages"}],"about":[{"href":"http:\/\/mch-frankweiler.de\/index.php?rest_route=\/wp\/v2\/types\/page"}],"author":[{"embeddable":true,"href":"http:\/\/mch-frankweiler.de\/index.php?rest_route=\/wp\/v2\/users\/1"}],"replies":[{"embeddable":true,"href":"http:\/\/mch-frankweiler.de\/index.php?rest_route=%2Fwp%2Fv2%2Fcomments&post=25"}],"version-history":[{"count":29,"href":"http:\/\/mch-frankweiler.de\/index.php?rest_route=\/wp\/v2\/pages\/25\/revisions"}],"predecessor-version":[{"id":239,"href":"http:\/\/mch-frankweiler.de\/index.php?rest_route=\/wp\/v2\/pages\/25\/revisions\/239"}],"wp:attachment":[{"href":"http:\/\/mch-frankweiler.de\/index.php?rest_route=%2Fwp%2Fv2%2Fmedia&parent=25"}],"curies":[{"name":"wp","href":"https:\/\/api.w.org\/{rel}","templated":true}]}}