{"id":24,"date":"2025-04-14T15:27:18","date_gmt":"2025-04-14T13:27:18","guid":{"rendered":"https:\/\/mch-frankweiler.de\/?page_id=24"},"modified":"2025-04-14T18:57:33","modified_gmt":"2025-04-14T16:57:33","slug":"kooperation-mit-nussdorf","status":"publish","type":"page","link":"https:\/\/mch-frankweiler.de\/?page_id=24","title":{"rendered":"Kooperation mit Nussdorf"},"content":{"rendered":"\n<p>Ende 2023 haben sich 2 Ch\u00f6re, denen der Nachwuchs fehlte und die Gefahr liefen, das Singen mangels aktiver Mitwirkender aufgeben zu m\u00fcssen, zusammengefunden. <\/p>\n\n\n\n<p>Es waren der M\u00e4nnerchor Frankweiler 1864  und die S\u00e4ngervereinigung Nussdorf 1855. <\/p>\n\n\n\n<div class=\"wp-block-columns is-layout-flex wp-container-core-columns-is-layout-28f84493 wp-block-columns-is-layout-flex\">\n<div class=\"wp-block-column is-layout-flow wp-block-column-is-layout-flow\">\n<figure class=\"wp-block-image size-full\"><img loading=\"lazy\" decoding=\"async\" width=\"499\" height=\"300\" src=\"https:\/\/mch-frankweiler.de\/wp-content\/uploads\/2025\/04\/Maennerchor-2024-b.jpg\" alt=\"\" class=\"wp-image-66\" srcset=\"https:\/\/mch-frankweiler.de\/wp-content\/uploads\/2025\/04\/Maennerchor-2024-b.jpg 499w, https:\/\/mch-frankweiler.de\/wp-content\/uploads\/2025\/04\/Maennerchor-2024-b-300x180.jpg 300w\" sizes=\"auto, (max-width: 499px) 100vw, 499px\" \/><figcaption class=\"wp-element-caption\">M\u00e4nnerchor Frankweiler 2014<\/figcaption><\/figure>\n<\/div>\n\n\n\n<div class=\"wp-block-column is-layout-flow wp-block-column-is-layout-flow\">\n<figure class=\"wp-block-image size-full\"><img loading=\"lazy\" decoding=\"async\" width=\"498\" height=\"300\" src=\"https:\/\/mch-frankweiler.de\/wp-content\/uploads\/2025\/04\/Nussdorf-1.jpg\" alt=\"\" class=\"wp-image-67\" srcset=\"https:\/\/mch-frankweiler.de\/wp-content\/uploads\/2025\/04\/Nussdorf-1.jpg 498w, https:\/\/mch-frankweiler.de\/wp-content\/uploads\/2025\/04\/Nussdorf-1-300x181.jpg 300w\" sizes=\"auto, (max-width: 498px) 100vw, 498px\" \/><figcaption class=\"wp-element-caption\">S\u00e4nger aus Nussdorf 2017<\/figcaption><\/figure>\n<\/div>\n<\/div>\n\n\n\n<p>Jetzt proben die beiden Ch\u00f6re, auch wegen ihrer versierten Chorleiterin<a href=\"https:\/\/mch-frankweiler.de\/?page_id=23\" data-type=\"page\" data-id=\"23\"> Ilse Berner <\/a>gemeinsam und bestreiten klangvoll und erfolgreich Sangesauftritte.<\/p>\n","protected":false},"excerpt":{"rendered":"<p>Ende 2023 haben sich 2 Ch\u00f6re, denen der Nachwuchs fehlte und die Gefahr liefen, das Singen mangels aktiver Mitwirkender aufgeben zu m\u00fcssen, zusammengefunden. Es waren der M\u00e4nnerchor Frankweiler 1864 und die S\u00e4ngervereinigung Nussdorf 1855. Jetzt proben die beiden Ch\u00f6re, auch wegen ihrer versierten Chorleiterin Ilse Berner gemeinsam und bestreiten klangvoll und erfolgreich Sangesauftritte.<\/p>\n","protected":false},"author":1,"featured_media":0,"parent":0,"menu_order":0,"comment_status":"closed","ping_status":"closed","template":"","meta":{"footnotes":""},"class_list":["post-24","page","type-page","status-publish","hentry"],"_links":{"self":[{"href":"https:\/\/mch-frankweiler.de\/index.php?rest_route=\/wp\/v2\/pages\/24","targetHints":{"allow":["GET"]}}],"collection":[{"href":"https:\/\/mch-frankweiler.de\/index.php?rest_route=\/wp\/v2\/pages"}],"about":[{"href":"https:\/\/mch-frankweiler.de\/index.php?rest_route=\/wp\/v2\/types\/page"}],"author":[{"embeddable":true,"href":"https:\/\/mch-frankweiler.de\/index.php?rest_route=\/wp\/v2\/users\/1"}],"replies":[{"embeddable":true,"href":"https:\/\/mch-frankweiler.de\/index.php?rest_route=%2Fwp%2Fv2%2Fcomments&post=24"}],"version-history":[{"count":4,"href":"https:\/\/mch-frankweiler.de\/index.php?rest_route=\/wp\/v2\/pages\/24\/revisions"}],"predecessor-version":[{"id":84,"href":"https:\/\/mch-frankweiler.de\/index.php?rest_route=\/wp\/v2\/pages\/24\/revisions\/84"}],"wp:attachment":[{"href":"https:\/\/mch-frankweiler.de\/index.php?rest_route=%2Fwp%2Fv2%2Fmedia&parent=24"}],"curies":[{"name":"wp","href":"https:\/\/api.w.org\/{rel}","templated":true}]}}